{"id":507,"date":"2021-07-12T09:45:48","date_gmt":"2021-07-12T09:45:48","guid":{"rendered":"https:\/\/www.allmannpb.de\/?page_id=507"},"modified":"2021-09-02T07:13:56","modified_gmt":"2021-09-02T07:13:56","slug":"kontaktformular","status":"publish","type":"page","link":"https:\/\/www.allmannpb.de\/?page_id=507","title":{"rendered":"Kontaktformular"},"content":{"rendered":"<p>[et_pb_section fb_built=&#8220;1&#8243; _builder_version=&#8220;4.9.7&#8243; _module_preset=&#8220;default&#8220;][et_pb_row _builder_version=&#8220;4.9.7&#8243; _module_preset=&#8220;default&#8220;][et_pb_column type=&#8220;4_4&#8243; _builder_version=&#8220;4.9.7&#8243; _module_preset=&#8220;default&#8220;][et_pb_text _builder_version=&#8220;4.9.7&#8243; _module_preset=&#8220;default&#8220; header_font=&#8220;|||on|||||&#8220; header_font_size=&#8220;48px&#8220; header_line_height=&#8220;1.4em&#8220; header_2_font=&#8220;|||on|||||&#8220; header_2_text_align=&#8220;center&#8220; header_2_line_height=&#8220;1.4em&#8220; custom_padding=&#8220;0px|||||&#8220;]<\/p>\n<h2>SIE HABEN DERZEIT EINE \u201eSCHWIERIGE\u201c VAKANZ ZU BESETZEN UND M\u00d6CHTEN WISSEN WAS DA FINANZIELL KONKRET AUF SIE ZUKOMMT UND WIE WIR VORGEHEN W\u00dcRDEN?<\/h2>\n<p>[\/et_pb_text][\/et_pb_column][\/et_pb_row][et_pb_row _builder_version=&#8220;4.9.7&#8243; _module_preset=&#8220;default&#8220; background_color=&#8220;#efefef&#8220; custom_margin=&#8220;||60px||false|false&#8220; custom_padding=&#8220;||||true|true&#8220;][et_pb_column type=&#8220;4_4&#8243; _builder_version=&#8220;4.9.7&#8243; _module_preset=&#8220;default&#8220;][et_pb_text _builder_version=&#8220;4.9.7&#8243; _module_preset=&#8220;default&#8220; custom_padding=&#8220;|30px||30px|false|true&#8220;]<\/p>\n<p>Dann rufen Sie uns gerne an oder f\u00fcllen Sie einfach das nachstehende Kontaktformular aus und laden Sie soweit bereits vorhanden eine Positionsbeschreibung der entsprechenden Vakanz hoch.<\/p>\n<p><strong>Sie erhalten von uns zeitnah ein erstes, unverbindliches Angebot<\/strong><\/p>\n<p>[\/et_pb_text][\/et_pb_column][\/et_pb_row][et_pb_row _builder_version=&#8220;4.9.7&#8243; _module_preset=&#8220;default&#8220;][et_pb_column type=&#8220;4_4&#8243; _builder_version=&#8220;4.9.7&#8243; _module_preset=&#8220;default&#8220;][et_pb_kkcomplex_form notify_subj=&#8220;Nachricht von Kontaktformular A&#038;A Website &#8211; Vakanz&#8220; email=&#8220;info@allmannpb.de&#8220; email_from=&#8220;formular@allmannpb.de&#8220; email_from_nm=&#8220;A&#038;A Dr. Allmann Personalberatung &#8211; Formulareingabe&#8220; subbutton_text=&#8220;Absenden&#8220; success_msg=&#8220;<\/p>\n<p>Vielen Dank f\u00fcr Ihre Eingaben. Ihren Daten wurden an uns \u00fcbermittelt, wir setzen uns mit Ihnen in Verbindung.<\/p>\n<p>&#8220; show_labels=&#8220;off&#8220; _builder_version=&#8220;4.9.10&#8243; _module_preset=&#8220;default&#8220; custom_button=&#8220;on&#8220; button_text_color=&#8220;#FFFFFF&#8220; button_bg_color=&#8220;#000000&#8243; button_border_radius=&#8220;0px&#8220; button_font=&#8220;Open Sans Condensed||||||||&#8220; button_use_icon=&#8220;off&#8220; hover_enabled=&#8220;0&#8243; sticky_enabled=&#8220;0&#8243;][et_pb_kkcompform_field field_type=&#8220;text&#8220; field_title=&#8220;Ihr Vor und Nachname&#8220; field_id=&#8220;vor_und_nachname&#8220; required=&#8220;on&#8220; reqd_txt=&#8220;*&#8220; _builder_version=&#8220;4.9.7&#8243; _module_preset=&#8220;default&#8220;][\/et_pb_kkcompform_field][et_pb_kkcompform_field field_type=&#8220;text&#8220; field_title=&#8220;Ihre E-Mail-Adresse&#8220; field_id=&#8220;email&#8220; required=&#8220;on&#8220; reqd_txt=&#8220;*&#8220; _builder_version=&#8220;4.9.10&#8243; _module_preset=&#8220;default&#8220;][\/et_pb_kkcompform_field][et_pb_kkcompform_field field_type=&#8220;text&#8220; field_title=&#8220;Ihr Unternehmen&#8220; field_id=&#8220;unternehmen&#8220; required=&#8220;on&#8220; reqd_txt=&#8220;*&#8220; _builder_version=&#8220;4.9.7&#8243; _module_preset=&#8220;default&#8220;][\/et_pb_kkcompform_field][et_pb_kkcompform_field field_type=&#8220;text&#8220; field_title=&#8220;Ihre Telefonnummer&#8220; field_id=&#8220;telefon&#8220; _builder_version=&#8220;4.9.10&#8243; _module_preset=&#8220;default&#8220; hover_enabled=&#8220;0&#8243; sticky_enabled=&#8220;0&#8243;][\/et_pb_kkcompform_field][et_pb_kkcompform_field field_type=&#8220;textarea&#8220; field_title=&#8220;Ihre Nachricht&#8220; field_id=&#8220;nachricht&#8220; _builder_version=&#8220;4.9.10&#8243; _module_preset=&#8220;default&#8220; hover_enabled=&#8220;0&#8243; sticky_enabled=&#8220;0&#8243;][\/et_pb_kkcompform_field][et_pb_kkcompform_field field_type=&#8220;file&#8220; fileupload=&#8220;off|off|off|off|off|off|off|off|off|off|off|off|off|off|off|off|off|off|off|off|off|off|off|off|off|off|off|off|off|off|off|off|off|off|off|off|off|off|off|off|off|off|off|off|off|off|off|off|off|off|off|off|off|off|off|off|off|off|off|off|off|off|off|off|off|off|off|off|off|off|off|off|off|off|off|off|off|off|off|off|off|off|off|off|off|off|off|off|off|off|off&#8220; upload_btn=&#8220;Datei(en) ausw\u00e4hlen&#8220; make_mult=&#8220;on&#8220; field_title=&#8220;Ihre Vakanz\/Positionsbeschreibung hochladen&#8220; field_id=&#8220;dateien&#8220; _builder_version=&#8220;4.9.10&#8243; _module_preset=&#8220;default&#8220;][\/et_pb_kkcompform_field][et_pb_kkcompform_field field_type=&#8220;checkbx&#8220; field_title=&#8220;<a href=%22\/wp-content\/uploads\/2021\/07\/datenschutzerklaerung.pdf%22>Datenschutzbestimmung<\/a> akzeptiert&#8220; field_id=&#8220;datenschutz&#8220; required=&#8220;on&#8220; reqd_txt=&#8220;*&#8220; _builder_version=&#8220;4.9.9&#8243; _module_preset=&#8220;default&#8220;][\/et_pb_kkcompform_field][\/et_pb_kkcomplex_form][et_pb_text _builder_version=&#8220;4.9.7&#8243; _module_preset=&#8220;default&#8220;]<\/p>\n<p>* Pflichtfelder<\/p>\n<p>[\/et_pb_text][\/et_pb_column][\/et_pb_row][\/et_pb_section][et_pb_section fb_built=&#8220;1&#8243; _builder_version=&#8220;4.9.7&#8243; _module_preset=&#8220;default&#8220; background_color=&#8220;rgba(0,0,0,0.1)&#8220; global_module=&#8220;622&#8243;][et_pb_row column_structure=&#8220;1_4,1_4,1_4,1_4&#8243; _builder_version=&#8220;4.9.7&#8243; _module_preset=&#8220;default&#8220;][et_pb_column type=&#8220;1_4&#8243; _builder_version=&#8220;4.9.7&#8243; _module_preset=&#8220;default&#8220;][et_pb_text _builder_version=&#8220;4.9.10&#8243; _module_preset=&#8220;default&#8220; text_line_height=&#8220;1.2em&#8220; header_4_line_height=&#8220;1.8em&#8220;]<\/p>\n<h4><a href=\"\/index.php\"><span style=\"text-decoration: underline;\">F\u00fcr Auftraggeber<\/span><\/a><\/h4>\n<p><a href=\"\/index.php\">Warum A&amp;A<\/a><\/p>\n<p><a href=\"\/?page_id=141\">Branchenexpertise &amp; Berater<\/a><\/p>\n<p><a href=\"\/?page_id=141#besetzungsschwerpunkte\">Besetzungsschwerpunkte<\/a><\/p>\n<p><a href=\"\/?page_id=135\">Referenzprojekte<\/a><\/p>\n<p><a href=\"\/?page_id=139\">Kosten \/ Erfolgshonorar<\/a><\/p>\n<p>[\/et_pb_text][\/et_pb_column][et_pb_column type=&#8220;1_4&#8243; _builder_version=&#8220;4.9.7&#8243; _module_preset=&#8220;default&#8220;][et_pb_text _builder_version=&#8220;4.9.9&#8243; _module_preset=&#8220;default&#8220; text_line_height=&#8220;1.2em&#8220; header_4_line_height=&#8220;1.8em&#8220;]<\/p>\n<h4><a href=\"\/?page_id=133\"><span style=\"text-decoration: underline;\">F\u00fcr Kandidaten<\/span><\/a><\/h4>\n<p><a href=\"\/?page_id=133#derberater\">Der Berater f\u00fcr Ihre Branche<\/a><\/p>\n<p><a href=\"\/?page_id=133#warum\">Warum A&amp;A als Karrierebegleiter<\/a><\/p>\n<p>[\/et_pb_text][\/et_pb_column][et_pb_column type=&#8220;1_4&#8243; _builder_version=&#8220;4.9.7&#8243; _module_preset=&#8220;default&#8220;][et_pb_text _builder_version=&#8220;4.9.7&#8243; _module_preset=&#8220;default&#8220; text_line_height=&#8220;1.2em&#8220; header_4_line_height=&#8220;1.8em&#8220;]<\/p>\n<h4><a href=\"\/?page_id=124\"><span style=\"text-decoration: underline;\">\u00dcber uns<\/span><\/a><\/h4>\n<p><a href=\"\/?page_id=124\">Historie<\/a><\/p>\n<p><a href=\"\/?page_id=124#leitbild\">Leitbild<\/a><\/p>\n<p><a href=\"\/?page_id=124#beratung\">Beratungsleistungen<\/a><\/p>\n<p><a href=\"\/?page_id=124#team\">Team &amp; Standorte<\/a><\/p>\n<p>[\/et_pb_text][\/et_pb_column][et_pb_column type=&#8220;1_4&#8243; _builder_version=&#8220;4.9.7&#8243; _module_preset=&#8220;default&#8220;][et_pb_text _builder_version=&#8220;4.9.7&#8243; _module_preset=&#8220;default&#8220; text_line_height=&#8220;1.2em&#8220; header_4_line_height=&#8220;1.8em&#8220;]<\/p>\n<h4><a href=\"\/?page_id=131\"><span style=\"text-decoration: underline;\">Stellenangebote<\/span><\/a><\/h4>\n<p><span><\/span><\/p>\n<p><a href=\"\/?page_id=131\">mehr&#8230;<\/a><span><\/span><\/p>\n<p>[\/et_pb_text][\/et_pb_column][\/et_pb_row][\/et_pb_section]<\/p>\n","protected":false},"excerpt":{"rendered":"<p>SIE HABEN DERZEIT EINE \u201eSCHWIERIGE\u201c VAKANZ ZU BESETZEN UND M\u00d6CHTEN WISSEN WAS DA FINANZIELL KONKRET AUF SIE ZUKOMMT UND WIE WIR VORGEHEN W\u00dcRDEN?Dann rufen Sie uns gerne an oder f\u00fcllen Sie einfach das nachstehende Kontaktformular aus und laden Sie soweit bereits vorhanden eine Positionsbeschreibung der entsprechenden Vakanz hoch. Sie erhalten von uns zeitnah ein erstes, [&hellip;]<\/p>\n","protected":false},"author":1,"featured_media":0,"parent":0,"menu_order":0,"comment_status":"closed","ping_status":"closed","template":"","meta":{"_et_pb_use_builder":"on","_et_pb_old_content":"","_et_gb_content_width":"","footnotes":""},"class_list":["post-507","page","type-page","status-publish","hentry"],"_links":{"self":[{"href":"https:\/\/www.allmannpb.de\/index.php?rest_route=\/wp\/v2\/pages\/507","targetHints":{"allow":["GET"]}}],"collection":[{"href":"https:\/\/www.allmannpb.de\/index.php?rest_route=\/wp\/v2\/pages"}],"about":[{"href":"https:\/\/www.allmannpb.de\/index.php?rest_route=\/wp\/v2\/types\/page"}],"author":[{"embeddable":true,"href":"https:\/\/www.allmannpb.de\/index.php?rest_route=\/wp\/v2\/users\/1"}],"replies":[{"embeddable":true,"href":"https:\/\/www.allmannpb.de\/index.php?rest_route=%2Fwp%2Fv2%2Fcomments&post=507"}],"version-history":[{"count":27,"href":"https:\/\/www.allmannpb.de\/index.php?rest_route=\/wp\/v2\/pages\/507\/revisions"}],"predecessor-version":[{"id":877,"href":"https:\/\/www.allmannpb.de\/index.php?rest_route=\/wp\/v2\/pages\/507\/revisions\/877"}],"wp:attachment":[{"href":"https:\/\/www.allmannpb.de\/index.php?rest_route=%2Fwp%2Fv2%2Fmedia&parent=507"}],"curies":[{"name":"wp","href":"https:\/\/api.w.org\/{rel}","templated":true}]}}