{"id":474,"date":"2021-07-09T15:36:06","date_gmt":"2021-07-09T15:36:06","guid":{"rendered":"https:\/\/www.allmannpb.de\/?page_id=474"},"modified":"2025-08-04T07:10:34","modified_gmt":"2025-08-04T07:10:34","slug":"474-2","status":"publish","type":"page","link":"https:\/\/www.allmannpb.de\/?page_id=474","title":{"rendered":"Kontakt"},"content":{"rendered":"<p>[et_pb_section fb_built=&#8220;1&#8243; _builder_version=&#8220;4.16&#8243; _module_preset=&#8220;default&#8220; global_colors_info=&#8220;{}&#8220;][et_pb_row _builder_version=&#8220;4.16&#8243; _module_preset=&#8220;default&#8220; global_colors_info=&#8220;{}&#8220;][et_pb_column type=&#8220;4_4&#8243; _builder_version=&#8220;4.16&#8243; _module_preset=&#8220;default&#8220; global_colors_info=&#8220;{}&#8220;][et_pb_text _builder_version=&#8220;4.16&#8243; _module_preset=&#8220;default&#8220; header_font=&#8220;|||on|||||&#8220; header_font_size=&#8220;48px&#8220; header_line_height=&#8220;1.4em&#8220; header_2_font=&#8220;|||on|||||&#8220; header_2_text_align=&#8220;center&#8220; header_2_line_height=&#8220;3em&#8220; custom_padding=&#8220;0px|||||&#8220; global_colors_info=&#8220;{}&#8220;]<\/p>\n<h1 style=\"text-align: center;\">KONTAKT<\/h1>\n<h2>Deutschland<\/h2>\n<p>&nbsp;<\/p>\n<p>[\/et_pb_text][\/et_pb_column][\/et_pb_row][et_pb_row _builder_version=&#8220;4.16&#8243; _module_preset=&#8220;default&#8220; background_color=&#8220;#efefef&#8220; custom_margin=&#8220;||120px||false|false&#8220; custom_padding=&#8220;30px|30px|30px|30px|true|true&#8220; global_colors_info=&#8220;{}&#8220;][et_pb_column type=&#8220;4_4&#8243; _builder_version=&#8220;4.16&#8243; _module_preset=&#8220;default&#8220; global_colors_info=&#8220;{}&#8220;][et_pb_text _builder_version=&#8220;4.16&#8243; _module_preset=&#8220;default&#8220; global_colors_info=&#8220;{}&#8220;]<\/p>\n<p><img loading=\"lazy\" decoding=\"async\" src=\"https:\/\/www.allmannpb.de\/wp-content\/uploads\/2021\/07\/gebaeude-300x192.png\" alt=\"\" class=\"wp-image-476 alignnone size-medium\" width=\"300\" height=\"192\" srcset=\"https:\/\/www.allmannpb.de\/wp-content\/uploads\/2021\/07\/gebaeude-300x192.png 300w, https:\/\/www.allmannpb.de\/wp-content\/uploads\/2021\/07\/gebaeude.png 332w\" sizes=\"(max-width: 300px) 100vw, 300px\" \/><\/p>\n<p><strong>A&amp;A Dr. Allmann Personalberatung GmbH<\/strong><br \/>Raiffeisenring 14<br \/>D-55283 Nierstein<\/p>\n<p>Tel: +496131 6225200<\/p>\n<p><a href=\"mailto:info@allmannpb.de\">info@allmannpb.de <\/a><br \/><a href=\"https:\/\/www.allmannpb.de\">www.allmannpb.de<\/a><\/p>\n<p>[\/et_pb_text][\/et_pb_column][\/et_pb_row][\/et_pb_section][et_pb_section fb_built=&#8220;1&#8243; _builder_version=&#8220;4.9.7&#8243; _module_preset=&#8220;default&#8220; background_color=&#8220;rgba(0,0,0,0.1)&#8220; global_module=&#8220;622&#8243; saved_tabs=&#8220;all&#8220; global_colors_info=&#8220;{}&#8220;][et_pb_row column_structure=&#8220;1_4,1_4,1_4,1_4&#8243; _builder_version=&#8220;4.16&#8243; _module_preset=&#8220;default&#8220; global_colors_info=&#8220;{}&#8220;][et_pb_column type=&#8220;1_4&#8243; _builder_version=&#8220;4.16&#8243; _module_preset=&#8220;default&#8220; global_colors_info=&#8220;{}&#8220;][et_pb_text admin_label=&#8220;Text&#8220; _builder_version=&#8220;4.16&#8243; _module_preset=&#8220;default&#8220; text_line_height=&#8220;1.2em&#8220; header_4_line_height=&#8220;1.8em&#8220; global_colors_info=&#8220;{}&#8220;]<\/p>\n<h4><a href=\"\/index.php\"><span style=\"text-decoration: underline;\">F\u00fcr Auftraggeber<\/span><\/a><\/h4>\n<p><a href=\"\/index.php\">Warum A&amp;A<\/a><\/p>\n<p><a href=\"\/?page_id=141\">Branchenexpertise &amp; Berater<\/a><\/p>\n<p><a href=\"\/?page_id=141#besetzungsschwerpunkte\">Besetzungsschwerpunkte<\/a><\/p>\n<p><a href=\"\/?page_id=135\">Referenzprojekte<\/a><\/p>\n<p><a href=\"\/?page_id=139\">Kosten \/ Erfolgshonorar<\/a><\/p>\n<p>[\/et_pb_text][\/et_pb_column][et_pb_column type=&#8220;1_4&#8243; _builder_version=&#8220;4.16&#8243; _module_preset=&#8220;default&#8220; global_colors_info=&#8220;{}&#8220;][et_pb_text _builder_version=&#8220;4.16&#8243; _module_preset=&#8220;default&#8220; text_line_height=&#8220;1.2em&#8220; header_4_line_height=&#8220;1.8em&#8220; global_colors_info=&#8220;{}&#8220;]<\/p>\n<h4><a href=\"\/?page_id=133\"><span style=\"text-decoration: underline;\">F\u00fcr Kandidaten<\/span><\/a><\/h4>\n<p><a href=\"\/?page_id=133#derberater\">Der Berater f\u00fcr Ihre Branche<\/a><\/p>\n<p><a href=\"\/?page_id=133#warum\">Warum A&amp;A als Karrierebegleiter<\/a><\/p>\n<p>[\/et_pb_text][\/et_pb_column][et_pb_column type=&#8220;1_4&#8243; _builder_version=&#8220;4.16&#8243; _module_preset=&#8220;default&#8220; global_colors_info=&#8220;{}&#8220;][et_pb_text _builder_version=&#8220;4.16&#8243; _module_preset=&#8220;default&#8220; text_line_height=&#8220;1.2em&#8220; header_4_line_height=&#8220;1.8em&#8220; global_colors_info=&#8220;{}&#8220;]<\/p>\n<h4><a href=\"\/?page_id=124\"><span style=\"text-decoration: underline;\">\u00dcber uns<\/span><\/a><\/h4>\n<p><a href=\"\/?page_id=124\">Historie<\/a><\/p>\n<p><a href=\"\/?page_id=124#leitbild\">Leitbild<\/a><\/p>\n<p><a href=\"\/?page_id=124#beratung\">Beratungsleistungen<\/a><\/p>\n<p><a href=\"\/?page_id=124#team\">Team &amp; Standorte<\/a><\/p>\n<p>[\/et_pb_text][\/et_pb_column][et_pb_column type=&#8220;1_4&#8243; _builder_version=&#8220;4.16&#8243; _module_preset=&#8220;default&#8220; global_colors_info=&#8220;{}&#8220;][et_pb_text _builder_version=&#8220;4.16&#8243; _module_preset=&#8220;default&#8220; text_line_height=&#8220;1.2em&#8220; header_4_line_height=&#8220;1.8em&#8220; global_colors_info=&#8220;{}&#8220;]<\/p>\n<h4><a href=\"\/?page_id=131\"><span style=\"text-decoration: underline;\">Stellenangebote<\/span><\/a><\/h4>\n<p><span><\/span><\/p>\n<p><a href=\"\/?page_id=131\">mehr&#8230;<\/a><span><\/span><\/p>\n<p>[\/et_pb_text][\/et_pb_column][\/et_pb_row][\/et_pb_section]<\/p>\n","protected":false},"excerpt":{"rendered":"<p>KONTAKT Deutschland &nbsp; A&amp;A Dr. Allmann Personalberatung GmbHRaiffeisenring 14D-55283 Nierstein Tel: +496131 6225200 info@allmannpb.de www.allmannpb.deF\u00fcr Auftraggeber Warum A&amp;A Branchenexpertise &amp; Berater Besetzungsschwerpunkte Referenzprojekte Kosten \/ ErfolgshonorarF\u00fcr Kandidaten Der Berater f\u00fcr Ihre Branche Warum A&amp;A als Karrierebegleiter\u00dcber uns Historie Leitbild Beratungsleistungen Team &amp; StandorteStellenangebote  mehr&#8230;<\/p>\n","protected":false},"author":1,"featured_media":0,"parent":0,"menu_order":0,"comment_status":"closed","ping_status":"closed","template":"","meta":{"_et_pb_use_builder":"on","_et_pb_old_content":"","_et_gb_content_width":"","footnotes":""},"class_list":["post-474","page","type-page","status-publish","hentry"],"_links":{"self":[{"href":"https:\/\/www.allmannpb.de\/index.php?rest_route=\/wp\/v2\/pages\/474","targetHints":{"allow":["GET"]}}],"collection":[{"href":"https:\/\/www.allmannpb.de\/index.php?rest_route=\/wp\/v2\/pages"}],"about":[{"href":"https:\/\/www.allmannpb.de\/index.php?rest_route=\/wp\/v2\/types\/page"}],"author":[{"embeddable":true,"href":"https:\/\/www.allmannpb.de\/index.php?rest_route=\/wp\/v2\/users\/1"}],"replies":[{"embeddable":true,"href":"https:\/\/www.allmannpb.de\/index.php?rest_route=%2Fwp%2Fv2%2Fcomments&post=474"}],"version-history":[{"count":9,"href":"https:\/\/www.allmannpb.de\/index.php?rest_route=\/wp\/v2\/pages\/474\/revisions"}],"predecessor-version":[{"id":1106,"href":"https:\/\/www.allmannpb.de\/index.php?rest_route=\/wp\/v2\/pages\/474\/revisions\/1106"}],"wp:attachment":[{"href":"https:\/\/www.allmannpb.de\/index.php?rest_route=%2Fwp%2Fv2%2Fmedia&parent=474"}],"curies":[{"name":"wp","href":"https:\/\/api.w.org\/{rel}","templated":true}]}}