{"id":34,"date":"2021-06-02T12:40:21","date_gmt":"2021-06-02T12:40:21","guid":{"rendered":"https:\/\/www.allmannpb.de\/?page_id=34"},"modified":"2025-01-28T11:12:03","modified_gmt":"2025-01-28T11:12:03","slug":"warum-aa","status":"publish","type":"page","link":"https:\/\/www.allmannpb.de\/","title":{"rendered":"Warum A&#038;A"},"content":{"rendered":"<p>[et_pb_section fb_built=&#8220;1&#8243; _builder_version=&#8220;4.16&#8243; _module_preset=&#8220;default&#8220; global_colors_info=&#8220;{}&#8220;][et_pb_row _builder_version=&#8220;4.20.2&#8243; _module_preset=&#8220;default&#8220; global_colors_info=&#8220;{}&#8220;][et_pb_column type=&#8220;4_4&#8243; _builder_version=&#8220;4.20.2&#8243; _module_preset=&#8220;default&#8220; global_colors_info=&#8220;{}&#8220;][et_pb_text _builder_version=&#8220;4.27.4&#8243; _module_preset=&#8220;default&#8220; global_colors_info=&#8220;{}&#8220;]<\/p>\n<h1 style=\"text-align: center;\"><span style=\"color: #0c75cc;\"><strong><em>2003 &#8211; 2025<\/em><\/strong><\/span><\/h1>\n<h1 style=\"text-align: center;\"><span style=\"color: #0c75cc;\"><strong><em>\u00fcber 20 Jahre A&amp;A Premium Personalberatung<\/em><\/strong><\/span><\/h1>\n<p>[\/et_pb_text][\/et_pb_column][\/et_pb_row][et_pb_row column_structure=&#8220;1_3,1_3,1_3&#8243; use_custom_gutter=&#8220;on&#8220; gutter_width=&#8220;1&#8243; _builder_version=&#8220;4.16&#8243; _module_preset=&#8220;default&#8220; global_colors_info=&#8220;{}&#8220;][et_pb_column type=&#8220;1_3&#8243; _builder_version=&#8220;4.16&#8243; _module_preset=&#8220;default&#8220; custom_padding=&#8220;0px|0px|0px|0px|false|false&#8220; global_colors_info=&#8220;{}&#8220;][et_pb_image src=&#8220;https:\/\/www.allmannpb.de\/wp-content\/uploads\/2021\/07\/ja.jpg&#8220; title_text=&#8220;ja&#8220; _builder_version=&#8220;4.16&#8243; _module_preset=&#8220;default&#8220; global_colors_info=&#8220;{}&#8220;][\/et_pb_image][et_pb_text _builder_version=&#8220;4.16&#8243; _module_preset=&#8220;default&#8220; custom_padding=&#8220;30px||30px|30px|true|false&#8220; global_colors_info=&#8220;{}&#8220;]<\/p>\n<h4><span style=\"font-family: inherit; font-weight: normal; font-size: large;\">Dr. Joachim Allmann<\/span><\/h4>\n<p>Headhunter seit 1989 mit Fokus<\/p>\n<p><strong>1. Industrie <\/strong>(speziell Maschinen- \/Anlagenbau)<br \/><strong>2. Automotive &amp; Zulieferer<\/strong><br \/><strong>3. Chemie<\/strong><\/p>\n<p>&nbsp;<\/p>\n<p>[\/et_pb_text][\/et_pb_column][et_pb_column type=&#8220;1_3&#8243; _builder_version=&#8220;4.16&#8243; _module_preset=&#8220;default&#8220; custom_padding=&#8220;0px|0px|0px|0px|true|true&#8220; global_colors_info=&#8220;{}&#8220;][et_pb_image src=&#8220;https:\/\/www.allmannpb.de\/wp-content\/uploads\/2021\/07\/jn.jpg&#8220; title_text=&#8220;jn&#8220; _builder_version=&#8220;4.16&#8243; _module_preset=&#8220;default&#8220; global_colors_info=&#8220;{}&#8220;][\/et_pb_image][et_pb_text _builder_version=&#8220;4.16&#8243; _module_preset=&#8220;default&#8220; width=&#8220;100%&#8220; custom_padding=&#8220;30px||30px|30px|true|false&#8220; global_colors_info=&#8220;{}&#8220;]<\/p>\n<h4>Julia N\u00f6hrba\u00df<\/h4>\n<p>Research und Projektmanagement<br \/>seit 2010<\/p>\n<p>&nbsp;<\/p>\n<p>&nbsp;<\/p>\n<p>[\/et_pb_text][\/et_pb_column][et_pb_column type=&#8220;1_3&#8243; _builder_version=&#8220;4.16&#8243; _module_preset=&#8220;default&#8220; custom_padding=&#8220;0px|0px|0px|0px|true|true&#8220; global_colors_info=&#8220;{}&#8220;][et_pb_image src=&#8220;https:\/\/www.allmannpb.de\/wp-content\/uploads\/2021\/07\/js-1.jpg&#8220; title_text=&#8220;js&#8220; _builder_version=&#8220;4.16&#8243; _module_preset=&#8220;default&#8220; global_colors_info=&#8220;{}&#8220;][\/et_pb_image][et_pb_image src=&#8220;https:\/\/www.allmannpb.de\/wp-content\/uploads\/2021\/07\/stoerer.gif&#8220; title_text=&#8220;stoerer&#8220; disabled_on=&#8220;on|on|off&#8220; _builder_version=&#8220;4.16&#8243; _module_preset=&#8220;default&#8220; positioning=&#8220;absolute&#8220; vertical_offset=&#8220;-53px&#8220; horizontal_offset=&#8220;251px&#8220; z_index=&#8220;500&#8243; width=&#8220;56.3%&#8220; custom_margin=&#8220;||||false|false&#8220; custom_padding=&#8220;|6px||||&#8220; custom_css_main_element=&#8220;width:300px;||overflow:hidden;&#8220; global_colors_info=&#8220;{}&#8220;][\/et_pb_image][et_pb_text _builder_version=&#8220;4.16&#8243; _module_preset=&#8220;default&#8220; custom_padding=&#8220;30px||30px|30px|true|false&#8220; global_colors_info=&#8220;{}&#8220;]<\/p>\n<h4>J\u00fcrgen Seelig<\/h4>\n<p>Management seit 1986 und Headhunter<br \/>seit 2008 mit Fokus<br \/><span style=\"color: #666666;\"><strong>1. Konsumg\u00fcter \/FMCG inkl. Retail<\/strong><\/span><br \/><span style=\"color: #666666;\"><strong>2. Pharma<\/strong><\/span><br \/><span style=\"color: #666666;\"><strong>3. Medizintechnik<\/strong><\/span><\/p>\n<p>&nbsp;<\/p>\n<p>[\/et_pb_text][\/et_pb_column][\/et_pb_row][et_pb_row _builder_version=&#8220;4.16&#8243; _module_preset=&#8220;default&#8220; global_colors_info=&#8220;{}&#8220;][et_pb_column type=&#8220;4_4&#8243; _builder_version=&#8220;4.16&#8243; _module_preset=&#8220;default&#8220; global_colors_info=&#8220;{}&#8220;][et_pb_text content_tablet=&#8220;<\/p>\n<h1 class=%22font_5%22><span class=%22color_15%22><span>WARUM <nobr>A&#038;A DR. ALLMANN<\/nobr> PERSONALBERATUNG?<\/span><\/span><\/h1>\n<p>&#8220; content_phone=&#8220;<\/p>\n<h1 class=%22font_5%22><span class=%22color_15%22><span>WARUM <span style=%22white-space: nowrap;%22>A&#038;A DR. ALLMANN<\/span> PERSONALBERATUNG?<\/span><\/span><\/h1>\n<p>&#8220; content_last_edited=&#8220;on|phone&#8220; _builder_version=&#8220;4.16&#8243; _module_preset=&#8220;default&#8220; header_text_align=&#8220;center&#8220; header_font_size=&#8220;48px&#8220; header_letter_spacing=&#8220;1px&#8220; header_line_height=&#8220;1.4em&#8220; header_font_tablet=&#8220;&#8220; header_font_phone=&#8220;|600|||||||&#8220; header_font_last_edited=&#8220;on|phone&#8220; header_font_size_tablet=&#8220;&#8220; header_font_size_phone=&#8220;26px&#8220; header_font_size_last_edited=&#8220;on|phone&#8220; global_colors_info=&#8220;{}&#8220;]<\/p>\n<h1 class=\"font_5\"><span class=\"color_15\"><span>WARUM A&amp;A DR. ALLMANN PERSONALBERATUNG?<\/span><\/span><\/h1>\n<p>[\/et_pb_text][\/et_pb_column][\/et_pb_row][et_pb_row _builder_version=&#8220;4.16&#8243; _module_preset=&#8220;default&#8220; global_colors_info=&#8220;{}&#8220;][et_pb_column type=&#8220;4_4&#8243; _builder_version=&#8220;4.16&#8243; _module_preset=&#8220;default&#8220; global_colors_info=&#8220;{}&#8220;][et_pb_text _builder_version=&#8220;4.16&#8243; _module_preset=&#8220;default&#8220; header_font_size=&#8220;48px&#8220; header_letter_spacing=&#8220;1px&#8220; header_line_height=&#8220;1.4em&#8220; text_orientation=&#8220;center&#8220; global_colors_info=&#8220;{}&#8220;]<\/p>\n<h2 class=\"font_6\"><span class=\"color_15\"><span>4 GR\u00dcNDE DIE DEN UNTERSCHIED MACHEN &#8211; VERGLEICHEN SIE SELBST<\/span><\/span><\/h2>\n<p>[\/et_pb_text][\/et_pb_column][\/et_pb_row][et_pb_row _builder_version=&#8220;4.16&#8243; _module_preset=&#8220;default&#8220; global_colors_info=&#8220;{}&#8220;][et_pb_column type=&#8220;4_4&#8243; _builder_version=&#8220;4.16&#8243; _module_preset=&#8220;default&#8220; global_colors_info=&#8220;{}&#8220;][et_pb_text _builder_version=&#8220;4.16&#8243; _module_preset=&#8220;default&#8220; background_color=&#8220;rgba(150,150,150,0.16)&#8220; custom_padding=&#8220;60px|75px|60px|75px|true|true&#8220; custom_padding_tablet=&#8220;&#8220; custom_padding_phone=&#8220;20px|20px|20px|20px|true|true&#8220; custom_padding_last_edited=&#8220;on|phone&#8220; global_colors_info=&#8220;{}&#8220;]<\/p>\n<div data-packed=\"false\" data-vertical-text=\"false\" class=\"txtNew\" id=\"comp-kpzdmw7i4\" data-min-height=\"91\">\n<p><span class=\"et-dropcap\">1.<\/span><\/p>\n<h3 class=\"font_0\"><strong><span class=\"color_15\">ZWEI HEADHUNTER, JEDER MIT EINEM NETZWERK AUS <\/span><\/strong><strong><span class=\"color_15\">&gt;<\/span>30 JAHREN <\/strong><strong>BRANCHEN-ERFAHRUNG<\/strong><\/h3>\n<h3 class=\"font_0\"><span class=\"color_15\" style=\"font-size: medium;\">DIE VORAUSSETZUNG ERFOLGREICHER(ER) DIREKTANSPRACHE<br \/><\/span><\/h3>\n<\/div>\n<div data-packed=\"false\" data-vertical-text=\"false\" data-min-height=\"364\" class=\"txtNew\" id=\"comp-kpzdmw7j\">\n<p class=\"font_9\"><span class=\"color_15\" style=\"color: #808080;\">Wir sind 2 Headhunter, die sich auf jeweils 3 klar von einander abgegrenzte Fokusbranchen spezialisiert haben. Jeder von uns kennt seine drei Fokusbranchen aus<strong> \u00fcber 30 Jahres Management- bzw. Personalberatungserfahrung bis ins Detail und hat sich in diesen ein \u00fcber die Jahrzehnte gewachsenes Netzwerk aufgebaut, das in diesem Umfang und in dieser Intensit\u00e4t m\u00f6glicherweise einzigartig ist. <\/strong><br \/><\/span><\/p>\n<p class=\"font_9\"><span class=\"color_15\"><span class=\"wixGuard\">\u200b<\/span><\/span><\/p>\n<p class=\"font_9\"><span class=\"color_15\"><span><span style=\"color: #000000;\"><strong>Dr. Joachim Allmann<\/strong>\u00a0<\/span><\/span><span style=\"color: #000000;\">(Headhunter seit 1989; Pionier der erfolgsbasierten Personalberatung in Deutschland):<\/span><\/span><\/p>\n<p><span style=\"color: #808080;\"><span class=\"color_15\">1. Industrie (speziell Maschinen- und Anlagenbau)<br \/><\/span><span class=\"color_15\">2. Automotive &amp; Zulieferer<br \/><\/span><span class=\"color_15\">3. Chemie<\/span><\/span><\/p>\n<p><span style=\"color: #000000;\"><strong>J\u00fcrgen Seelig<\/strong> (Management- und Beratungserfahrung seit 1986, Headhunter seit 2008):<\/span><\/p>\n<p><span style=\"color: #808080;\">1. Konsumg\u00fcter \/ FMCG inkl. Retail<\/span><br \/><span style=\"color: #808080;\">2. Pharma<\/span><br \/><span style=\"color: #808080;\">3. Medizintechnik<\/span><\/p>\n<\/div>\n<p>[\/et_pb_text][\/et_pb_column][\/et_pb_row][et_pb_row _builder_version=&#8220;4.16&#8243; _module_preset=&#8220;default&#8220; global_colors_info=&#8220;{}&#8220;][et_pb_column type=&#8220;4_4&#8243; _builder_version=&#8220;4.16&#8243; _module_preset=&#8220;default&#8220; global_colors_info=&#8220;{}&#8220;][et_pb_text _builder_version=&#8220;4.16&#8243; _module_preset=&#8220;default&#8220; background_color=&#8220;rgba(150,150,150,0.16)&#8220; custom_padding=&#8220;60px|60px|60px|60px|true|true&#8220; custom_padding_tablet=&#8220;&#8220; custom_padding_phone=&#8220;20px|20px|20px|20px|true|true&#8220; custom_padding_last_edited=&#8220;on|phone&#8220; global_colors_info=&#8220;{}&#8220;]<\/p>\n<div data-packed=\"false\" data-vertical-text=\"false\" class=\"txtNew\" id=\"comp-kpzdmw7i4\" data-min-height=\"91\">\n<span class='et-dropcap'>2.<\/span>\n<h3><strong>EIN RESEARCH-TEAM MIT\u00a0 &gt;20 JAHREN <\/strong><strong style=\"font-size: 22px;\">ERFAHRUNG<\/strong><\/h3>\n<h5>DIE BASIS KOMPLETTER KANDIDATEN-LISTEN IN JEDEM\u00a0 PROJEKT<\/h5>\n<p><span style=\"color: #808080;\">Wir bei A&amp;A sehen den systematischen Kandidaten-Research als entscheidende Basis f\u00fcr den Erfolg eines Projektes und damit als zentrale Aufgabe, die wir weder durch Praktikanten noch durch Aushilfskr\u00e4fte erledigen lassen. Wir betreiben f\u00fcr jedes Projekt aufwendigen Research um unsere A&amp;A-Netzwerke aktuell und projektspezifisch durch neue Kandidaten aus spezifischen Zielfirmen und den Social Networks ( Xing, LinkedIn etc.) zu komplettieren.<\/span><\/p>\n<p>\u200b<span style=\"font-size: 14px;\">\u00a0<\/span><\/p>\n<\/div>\n<p>[\/et_pb_text][\/et_pb_column][\/et_pb_row][et_pb_row _builder_version=&#8220;4.16&#8243; _module_preset=&#8220;default&#8220; global_colors_info=&#8220;{}&#8220;][et_pb_column type=&#8220;4_4&#8243; _builder_version=&#8220;4.16&#8243; _module_preset=&#8220;default&#8220; global_colors_info=&#8220;{}&#8220;][et_pb_text _builder_version=&#8220;4.16&#8243; _module_preset=&#8220;default&#8220; background_color=&#8220;rgba(150,150,150,0.16)&#8220; custom_padding=&#8220;60px|60px|60px|60px|true|true&#8220; custom_padding_tablet=&#8220;&#8220; custom_padding_phone=&#8220;20px|20px|20px|20px|true|true&#8220; custom_padding_last_edited=&#8220;on|phone&#8220; global_colors_info=&#8220;{}&#8220;]<\/p>\n<div data-packed=\"false\" data-vertical-text=\"false\" class=\"txtNew\" id=\"comp-kpzdmw7i4\" data-min-height=\"91\">\n<div data-packed=\"false\" data-vertical-text=\"false\" class=\"txtNew\" id=\"comp-kpzdmw7k\" data-min-height=\"91\">\n<span class='et-dropcap'>3.<\/span>\n<h3 class=\"font_0\"><strong><span class=\"color_15\">UNLIMITIERTE KANDIDATEN-SUCHFELDER<\/span><\/strong><\/h3>\n<h3 class=\"font_0\"><span class=\"color_15\"><span style=\"font-size: medium;\">UNSERE &#8222;COMPETITIVE EDGE&#8220; BEI SCHWIERIGEN POSITIONEN<br \/><\/span><\/span><\/h3>\n<\/div>\n<div data-packed=\"false\" data-vertical-text=\"false\" class=\"txtNew\" id=\"comp-kpzdmw7k1\" data-min-height=\"420\">\n<p class=\"font_9\"><span class=\"color_15\"><span><strong>Gr\u00f6\u00dfere Headhuntig-Unternehmen, in denen teilweise 5 und mehr Berater auf die gleiche Branche spezialisiert sind, blockieren sich h\u00e4ufig die interessanten Kandidaten gegenseitig.<\/strong><br \/><\/span><\/span><\/p>\n<p class=\"font_9\"><span class=\"color_15\">H\u00e4ufig starten Suchprojekte dort mit\u00a0 &#8222;Off-Limit-Listen&#8220; von 100 &#8211; 500 (!) Kandidaten, die f\u00fcr ein Projekt interessant sein k\u00f6nnten, aber nicht angesprochen werden d\u00fcrfen, da es sich um Mitarbeiter des Kundenunternehmens eines seiner Beraterkollegen handelt.<\/span><\/p>\n<p class=\"font_9\"><span class=\"color_15\"><span><span class=\"wixGuard\">\u200b<\/span><\/span><\/span><\/p>\n<p class=\"font_9\"><span style=\"color: #808080;\"><strong><span class=\"color_15\">Im Gegensatz zu diesen gr\u00f6\u00dferen Branchen-Spezialisten haben wir uns durch unsere Beschr\u00e4nkung auf 2 Berater mit jeweils 3 Fokus-Branchen ganz gezielt so organisiert, dass wir uns in der Kandidatensuche nicht gegenseitig blockieren. Damit hat jeder Berater f\u00fcr seine Suchprojekte ein vollkommen freies &#8222;Jagdfeld&#8220; nach den bestgeeigneten Kandidaten seiner Branchen.<\/span><span class=\"color_15\"><\/span><\/strong><\/span><\/p>\n<p class=\"font_9\"><span class=\"color_15\"><span><span style=\"color: #808080;\"><strong>In vielen Projekten hat sich \u00fcber die Jahre gezeigt, dass dies eine entscheidende &#8222;competitive edge&#8220; f\u00fcr die erfolgreiche(re) Besetzung speziell bei &#8222;schwierigen&#8220; Positionen in einem engen Kandidatenmarkt ist.<\/strong><\/span><br \/><\/span><\/span><\/p>\n<\/div>\n<\/div>\n<div data-packed=\"false\" data-vertical-text=\"false\" data-min-height=\"364\" class=\"txtNew\" id=\"comp-kpzdmw7j\"><\/div>\n<p>[\/et_pb_text][\/et_pb_column][\/et_pb_row][et_pb_row _builder_version=&#8220;4.16&#8243; _module_preset=&#8220;default&#8220; global_colors_info=&#8220;{}&#8220;][et_pb_column type=&#8220;4_4&#8243; _builder_version=&#8220;4.16&#8243; _module_preset=&#8220;default&#8220; global_colors_info=&#8220;{}&#8220;][et_pb_text _builder_version=&#8220;4.16&#8243; _module_preset=&#8220;default&#8220; background_color=&#8220;rgba(150,150,150,0.16)&#8220; custom_padding=&#8220;60px|60px|60px|60px|true|true&#8220; custom_padding_tablet=&#8220;&#8220; custom_padding_phone=&#8220;20px|20px|20px|20px|true|true&#8220; custom_padding_last_edited=&#8220;on|phone&#8220; global_colors_info=&#8220;{}&#8220;]<\/p>\n<div data-packed=\"false\" data-vertical-text=\"false\" class=\"txtNew\" id=\"comp-kpzdmw7i4\" data-min-height=\"91\">\n<div data-packed=\"false\" data-vertical-text=\"false\" class=\"txtNew\" id=\"comp-kpzdmw7k\" data-min-height=\"91\">\n<div data-packed=\"false\" data-vertical-text=\"false\" class=\"txtNew\" id=\"comp-kpzdmw7k3\" data-min-height=\"61\">\n<span class='et-dropcap'>4.<\/span>\n<h3 class=\"font_0\"><strong><span class=\"color_15\">ERFOLGSHONORAR NUR 15 &#8211; 20% VOM JAHRESBRUTTO<\/span><\/strong><\/h3>\n<h3 class=\"font_0\"><span class=\"color_15\" style=\"font-size: medium;\">UNSER BEITRAG ZUR ENTLASTUNG IHRES RECRUITING-BUDGETS<\/span><\/h3>\n<\/div>\n<div data-packed=\"false\" data-vertical-text=\"false\" class=\"txtNew\" id=\"comp-kpzdmw7k4\" data-min-height=\"140\">\n<p class=\"font_9\"><span class=\"color_15\">Nur durch unsere hohe Besetzungsquote sind wir seit dem Tag der Gr\u00fcndung von A&amp;A Dr. Allmann Personalberatung im Jahr 2003 in der Lage, unsere Leistungen mit einem Erfolgshonorar und zudem zu Honorars\u00e4tzen, die nach einer <a href=\"https:\/\/public.centerdevice.de\/05651375-d199-4216-8947-3b02239b8bca\">Studie des BDU<\/a> deutlich unter den markt\u00fcblichen Honarars\u00e4tzen von 26% liegen, anzubieten:<\/span><\/p>\n<p class=\"font_9\"><span class=\"color_15\"><span class=\"wixGuard\">\u200b<\/span><\/span><\/p>\n<p class=\"font_9\"><strong><span class=\"color_15\">15 &#8211; 20% vom Jahresbrutto des Kandidaten als Erfolgshonorar &#8211; nur f\u00e4llig, wenn wir Ihre Position erfolgreich besetzt haben!<\/span><\/strong><\/p>\n<\/div>\n<\/div>\n<\/div>\n<p>[\/et_pb_text][\/et_pb_column][\/et_pb_row][et_pb_row _builder_version=&#8220;4.16&#8243; _module_preset=&#8220;default&#8220; global_colors_info=&#8220;{}&#8220;][et_pb_column type=&#8220;4_4&#8243; _builder_version=&#8220;4.16&#8243; _module_preset=&#8220;default&#8220; global_colors_info=&#8220;{}&#8220;][et_pb_text _builder_version=&#8220;4.16&#8243; _module_preset=&#8220;default&#8220; custom_padding=&#8220;|60px||60px|false|true&#8220; custom_padding_tablet=&#8220;&#8220; custom_padding_phone=&#8220;|15px||15px|false|true&#8220; custom_padding_last_edited=&#8220;on|phone&#8220; global_colors_info=&#8220;{}&#8220;]<\/p>\n<div data-packed=\"false\" data-vertical-text=\"false\" class=\"txtNew\" id=\"comp-kpzdmw7k6\" data-min-height=\"61\">\n<h3 class=\"font_0\"><span class=\"color_15\"><span><strong>FAZIT<\/strong>: HERAUSRAGENDES PREIS-LEISTUNGSVERH\u00c4LTNIS<\/span><\/span><\/h3>\n<h3 class=\"font_0\"><span class=\"color_15\">TESTEN SIE UNS &#8211; MIT ERFOLGSHONORAR UND DAHER OHNE RISIKO !<\/span><\/h3>\n<\/div>\n<div data-packed=\"false\" data-vertical-text=\"false\" class=\"txtNew\" id=\"comp-kpzdmw7l\" data-min-height=\"112\">\n<p class=\"font_9\"><span class=\"color_15\"><span>Die\u00a0Kombination\u00a0aus\u00a0 <span style=\"text-decoration: underline;\">&gt;30 Jahren Branchen-Erfahrung, unlimitierten Suchfeldern<\/span> und den deutlich <span style=\"text-decoration: underline;\">unter Marktdurchschnitt rangierenden Honorars\u00e4tzen,<\/span> die als <span style=\"text-decoration: underline;\">Erfolgshonorare<\/span> zudem auch nur nach erfolgreicher Besetzung f\u00e4llig werden, ist nach unserem Wissen\u00a0<span style=\"text-decoration: underline;\">in dieser Form im deutschen Personalberatungsmarkt einzigartig<\/span>\u00a0 &#8211; und f\u00fcr Sie als Auftraggeber ist damit jede Beauftragung von A&amp;A Dr. Allmann Personalberatung vollkommen<span style=\"text-decoration: underline;\"> risikofrei.<\/span><\/span><\/span><\/p>\n<\/div>\n<p>[\/et_pb_text][\/et_pb_column][\/et_pb_row][et_pb_row column_structure=&#8220;1_2,1_2&#8243; _builder_version=&#8220;4.16&#8243; _module_preset=&#8220;default&#8220; custom_margin=&#8220;60px||60px||true|false&#8220; global_colors_info=&#8220;{}&#8220;][et_pb_column type=&#8220;1_2&#8243; _builder_version=&#8220;4.16&#8243; _module_preset=&#8220;default&#8220; global_colors_info=&#8220;{}&#8220;][et_pb_button button_url=&#8220;@ET-DC@eyJkeW5hbWljIjp0cnVlLCJjb250ZW50IjoicG9zdF9saW5rX3VybF9wYWdlIiwic2V0dGluZ3MiOnsicG9zdF9pZCI6IjU0MSJ9fQ==@&#8220; button_text=&#8220;Beratungsgespr\u00e4ch vereinbaren&#8220; button_alignment=&#8220;center&#8220; _builder_version=&#8220;4.16&#8243; _dynamic_attributes=&#8220;button_url&#8220; _module_preset=&#8220;default&#8220; custom_button=&#8220;on&#8220; button_text_color=&#8220;#FFFFFF&#8220; button_bg_color=&#8220;#000000&#8243; button_border_radius=&#8220;0px&#8220; button_font=&#8220;Open Sans Condensed||||||||&#8220; button_use_icon=&#8220;off&#8220; custom_css_main_element=&#8220;hover=%22background-color:#000%22;||&#8220; global_colors_info=&#8220;{}&#8220; button_bg_color__hover_enabled=&#8220;on|hover&#8220; button_bg_color__hover=&#8220;#FFFFFF&#8220; button_bg_enable_color__hover=&#8220;on&#8220; button_text_color__hover_enabled=&#8220;on|desktop&#8220; button_text_color__hover=&#8220;#000000&#8243; button_border_color__hover_enabled=&#8220;on|hover&#8220; button_border_color__hover=&#8220;#000000&#8243;][\/et_pb_button][\/et_pb_column][et_pb_column type=&#8220;1_2&#8243; _builder_version=&#8220;4.16&#8243; _module_preset=&#8220;default&#8220; global_colors_info=&#8220;{}&#8220;][et_pb_button button_url=&#8220;@ET-DC@eyJkeW5hbWljIjp0cnVlLCJjb250ZW50IjoicG9zdF9saW5rX3VybF9wYWdlIiwic2V0dGluZ3MiOnsicG9zdF9pZCI6IjUwNyJ9fQ==@&#8220; button_text=&#8220;Vakanz hochladen und Angebot anfordern&#8220; button_alignment=&#8220;center&#8220; _builder_version=&#8220;4.16&#8243; _dynamic_attributes=&#8220;button_url&#8220; _module_preset=&#8220;default&#8220; custom_button=&#8220;on&#8220; button_text_color=&#8220;#000000&#8243; button_bg_color=&#8220;#FFFFFF&#8220; button_border_radius=&#8220;0px&#8220; button_font=&#8220;Open Sans Condensed||||||||&#8220; button_use_icon=&#8220;off&#8220; global_colors_info=&#8220;{}&#8220; button_bg_color__hover_enabled=&#8220;on|hover&#8220; button_bg_color__hover=&#8220;#000000&#8243; button_bg_enable_color__hover=&#8220;on&#8220; button_text_color__hover_enabled=&#8220;on|hover&#8220; button_text_color__hover=&#8220;#FFFFFF&#8220;][\/et_pb_button][\/et_pb_column][\/et_pb_row][\/et_pb_section][et_pb_section fb_built=&#8220;1&#8243; _builder_version=&#8220;4.9.7&#8243; _module_preset=&#8220;default&#8220; background_color=&#8220;rgba(0,0,0,0.1)&#8220; global_module=&#8220;622&#8243; saved_tabs=&#8220;all&#8220; global_colors_info=&#8220;{}&#8220;][et_pb_row column_structure=&#8220;1_4,1_4,1_4,1_4&#8243; _builder_version=&#8220;4.16&#8243; _module_preset=&#8220;default&#8220; global_colors_info=&#8220;{}&#8220;][et_pb_column type=&#8220;1_4&#8243; _builder_version=&#8220;4.16&#8243; _module_preset=&#8220;default&#8220; global_colors_info=&#8220;{}&#8220;][et_pb_text admin_label=&#8220;Text&#8220; _builder_version=&#8220;4.16&#8243; _module_preset=&#8220;default&#8220; text_line_height=&#8220;1.2em&#8220; header_4_line_height=&#8220;1.8em&#8220; global_colors_info=&#8220;{}&#8220;]<\/p>\n<h4><a href=\"\/index.php\"><span style=\"text-decoration: underline;\">F\u00fcr Auftraggeber<\/span><\/a><\/h4>\n<p><a href=\"\/index.php\">Warum A&amp;A<\/a><\/p>\n<p><a href=\"\/?page_id=141\">Branchenexpertise &amp; Berater<\/a><\/p>\n<p><a href=\"\/?page_id=141#besetzungsschwerpunkte\">Besetzungsschwerpunkte<\/a><\/p>\n<p><a href=\"\/?page_id=135\">Referenzprojekte<\/a><\/p>\n<p><a href=\"\/?page_id=139\">Kosten \/ Erfolgshonorar<\/a><\/p>\n<p>[\/et_pb_text][\/et_pb_column][et_pb_column type=&#8220;1_4&#8243; _builder_version=&#8220;4.16&#8243; _module_preset=&#8220;default&#8220; global_colors_info=&#8220;{}&#8220;][et_pb_text _builder_version=&#8220;4.16&#8243; _module_preset=&#8220;default&#8220; text_line_height=&#8220;1.2em&#8220; header_4_line_height=&#8220;1.8em&#8220; global_colors_info=&#8220;{}&#8220;]<\/p>\n<h4><a href=\"\/?page_id=133\"><span style=\"text-decoration: underline;\">F\u00fcr Kandidaten<\/span><\/a><\/h4>\n<p><a href=\"\/?page_id=133#derberater\">Der Berater f\u00fcr Ihre Branche<\/a><\/p>\n<p><a href=\"\/?page_id=133#warum\">Warum A&amp;A als Karrierebegleiter<\/a><\/p>\n<p>[\/et_pb_text][\/et_pb_column][et_pb_column type=&#8220;1_4&#8243; _builder_version=&#8220;4.16&#8243; _module_preset=&#8220;default&#8220; global_colors_info=&#8220;{}&#8220;][et_pb_text _builder_version=&#8220;4.16&#8243; _module_preset=&#8220;default&#8220; text_line_height=&#8220;1.2em&#8220; header_4_line_height=&#8220;1.8em&#8220; global_colors_info=&#8220;{}&#8220;]<\/p>\n<h4><a href=\"\/?page_id=124\"><span style=\"text-decoration: underline;\">\u00dcber uns<\/span><\/a><\/h4>\n<p><a href=\"\/?page_id=124\">Historie<\/a><\/p>\n<p><a href=\"\/?page_id=124#leitbild\">Leitbild<\/a><\/p>\n<p><a href=\"\/?page_id=124#beratung\">Beratungsleistungen<\/a><\/p>\n<p><a href=\"\/?page_id=124#team\">Team &amp; Standorte<\/a><\/p>\n<p>[\/et_pb_text][\/et_pb_column][et_pb_column type=&#8220;1_4&#8243; _builder_version=&#8220;4.16&#8243; _module_preset=&#8220;default&#8220; global_colors_info=&#8220;{}&#8220;][et_pb_text _builder_version=&#8220;4.16&#8243; _module_preset=&#8220;default&#8220; text_line_height=&#8220;1.2em&#8220; header_4_line_height=&#8220;1.8em&#8220; global_colors_info=&#8220;{}&#8220;]<\/p>\n<h4><a href=\"\/?page_id=131\"><span style=\"text-decoration: underline;\">Stellenangebote<\/span><\/a><\/h4>\n<p><span><\/span><\/p>\n<p><a href=\"\/?page_id=131\">mehr&#8230;<\/a><span><\/span><\/p>\n<p>[\/et_pb_text][\/et_pb_column][\/et_pb_row][\/et_pb_section]<\/p>\n","protected":false},"excerpt":{"rendered":"<p>2003 &#8211; 2025 \u00fcber 20 Jahre A&amp;A Premium PersonalberatungDr. Joachim Allmann Headhunter seit 1989 mit Fokus 1. Industrie (speziell Maschinen- \/Anlagenbau)2. Automotive &amp; Zulieferer3. Chemie &nbsp;Julia N\u00f6hrba\u00df Research und Projektmanagementseit 2010 &nbsp; &nbsp;J\u00fcrgen Seelig Management seit 1986 und Headhunterseit 2008 mit Fokus1. Konsumg\u00fcter \/FMCG inkl. Retail2. Pharma3. Medizintechnik &nbsp;WARUM A&amp;A DR. ALLMANN PERSONALBERATUNG?4 GR\u00dcNDE DIE [&hellip;]<\/p>\n","protected":false},"author":1,"featured_media":0,"parent":0,"menu_order":0,"comment_status":"closed","ping_status":"closed","template":"","meta":{"_et_pb_use_builder":"on","_et_pb_old_content":"","_et_gb_content_width":"","footnotes":""},"class_list":["post-34","page","type-page","status-publish","hentry"],"_links":{"self":[{"href":"https:\/\/www.allmannpb.de\/index.php?rest_route=\/wp\/v2\/pages\/34","targetHints":{"allow":["GET"]}}],"collection":[{"href":"https:\/\/www.allmannpb.de\/index.php?rest_route=\/wp\/v2\/pages"}],"about":[{"href":"https:\/\/www.allmannpb.de\/index.php?rest_route=\/wp\/v2\/types\/page"}],"author":[{"embeddable":true,"href":"https:\/\/www.allmannpb.de\/index.php?rest_route=\/wp\/v2\/users\/1"}],"replies":[{"embeddable":true,"href":"https:\/\/www.allmannpb.de\/index.php?rest_route=%2Fwp%2Fv2%2Fcomments&post=34"}],"version-history":[{"count":125,"href":"https:\/\/www.allmannpb.de\/index.php?rest_route=\/wp\/v2\/pages\/34\/revisions"}],"predecessor-version":[{"id":1068,"href":"https:\/\/www.allmannpb.de\/index.php?rest_route=\/wp\/v2\/pages\/34\/revisions\/1068"}],"wp:attachment":[{"href":"https:\/\/www.allmannpb.de\/index.php?rest_route=%2Fwp%2Fv2%2Fmedia&parent=34"}],"curies":[{"name":"wp","href":"https:\/\/api.w.org\/{rel}","templated":true}]}}