{"id":135,"date":"2021-06-04T17:04:54","date_gmt":"2021-06-04T17:04:54","guid":{"rendered":"https:\/\/www.allmannpb.de\/?page_id=135"},"modified":"2021-08-03T11:49:28","modified_gmt":"2021-08-03T11:49:28","slug":"leistungen","status":"publish","type":"page","link":"https:\/\/www.allmannpb.de\/?page_id=135","title":{"rendered":"Referenzprojekte"},"content":{"rendered":"<p>[et_pb_section fb_built=&#8220;1&#8243; _builder_version=&#8220;4.9.7&#8243; _module_preset=&#8220;default&#8220;][et_pb_row _builder_version=&#8220;4.9.7&#8243; _module_preset=&#8220;default&#8220;][et_pb_column type=&#8220;4_4&#8243; _builder_version=&#8220;4.9.7&#8243; _module_preset=&#8220;default&#8220;][et_pb_text _builder_version=&#8220;4.9.7&#8243; _module_preset=&#8220;default&#8220; header_font=&#8220;|||on|||||&#8220; header_font_size=&#8220;48px&#8220; header_line_height=&#8220;1.4em&#8220; header_2_font=&#8220;|||on|||||&#8220; header_2_text_align=&#8220;center&#8220; header_2_line_height=&#8220;3em&#8220; custom_padding=&#8220;0px|||||&#8220;]<\/p>\n<h1 style=\"text-align: center;\">Referenzprojekte<\/h1>\n<h2>Beispiele aus &gt;1.900 Projekten<\/h2>\n<p>&nbsp;<\/p>\n<p>[\/et_pb_text][\/et_pb_column][\/et_pb_row][et_pb_row _builder_version=&#8220;4.9.7&#8243; _module_preset=&#8220;default&#8220;][et_pb_column type=&#8220;4_4&#8243; _builder_version=&#8220;4.9.7&#8243; _module_preset=&#8220;default&#8220;][et_pb_text _builder_version=&#8220;4.9.9&#8243; _module_preset=&#8220;default&#8220; text_text_color=&#8220;#FFFFFF&#8220; text_font_size=&#8220;22px&#8220; background_color=&#8220;#0C71C3&#8243; custom_padding=&#8220;24px|24px|24px|24px|true|true&#8220;]<\/p>\n<p>Referenz Projekte Dr. Joachim Allmann Industrie, Automotive &amp; Zulieferer, Chemie<\/p>\n<p>[\/et_pb_text][\/et_pb_column][\/et_pb_row][et_pb_row _builder_version=&#8220;4.9.7&#8243; _module_preset=&#8220;default&#8220;][et_pb_column type=&#8220;4_4&#8243; _builder_version=&#8220;4.9.7&#8243; _module_preset=&#8220;default&#8220;][et_pb_text _builder_version=&#8220;4.9.7&#8243; _module_preset=&#8220;default&#8220;]<\/p>\n<p>&nbsp;<\/p>\n<table style=\"border-collapse: collapse; width: 100%;\" border=\"1\">\n<tbody>\n<tr style=\"background-color: #efefef;\">\n<td style=\"width: 14.4317%;\"><strong>Gesch\u00e4ftsf\u00fchrung \/ Executive Management<\/strong><\/td>\n<td style=\"width: 85.5683%;\">\u2022 Gesch\u00e4ftsf\u00fchrer (m\/w\/d) Mittelstand Automobilzulieferer<br \/>\u2022 Technischer Gesch\u00e4ftsf\u00fchrer (m\/w\/d) Elektrotechnik<br \/>\u2022 Gesch\u00e4ftsf\u00fchrer( m\/w\/d) deutsche Niederlassung Chemische Industrie<br \/>\u2022 Werkleiter \/ GF in spe (m\/w\/d) Hersteller Spezialbremsen<br \/>\u2022 Kaufm\u00e4nnischer Gesch\u00e4ftsf\u00fchrer (m\/w\/d) Hersteller Hydraulikanalgen<\/td>\n<\/tr>\n<tr>\n<td style=\"width: 14.4317%;\">Sales \/ Marketing \/ Key Account Management<\/td>\n<td style=\"width: 85.5683%;\">\u2022 Leiter Vertrieb (m\/w\/d) Maschinenbau<br \/>\u2022 Sales Manager (m\/w\/d) Herstellungsanalagen<br \/>\u2022 Vertriebsleitung (m\/w\/d) Hydraulikaggregate<br \/>\u2022 Vertriebsleiter National (m\/w\/d) Elektrotechnik<br \/>\u2022 Vertriebsleiter (m\/w\/d) Befestigungstechnik<br \/>\u2022 Area Sales Manager Asien (m\/w\/d) Automobilzulieferer<br \/>\u2022 Area Manager America (m\/w\/d) Chemische Industrie<br \/>\u2022 Key Account Manager VW (m\/w\/d) Pr\u00fcfstandl\u00f6sungen<br \/>\u2022 Global Account Manager (m\/w\/d) Automobilzulieferer<br \/>\u2022 Pre-Sales Manager (m\/w\/d) Thermal-Solutions<br \/>\u2022 Global Productmanager (m\/w\/d) Connecting Solutions<br \/>\u2022 Gebietsverkaufsleiter (m\/w\/d) Befestigungstechnik<br \/>\u2022 Vertriebsau\u00dfendienst (m\/w(d) S\u00fcddeutschland Messtechnik<br \/>\u2022 Technischer Vertrieb (m\/w\/d) Maschinenbau<br \/>\u2022 Au\u00dfendienstmitarbeiter (m\/w\/d) Messtechnik<br \/>\u2022 New Business Development IIoT Services<\/td>\n<\/tr>\n<tr style=\"background-color: #efefef;\">\n<td style=\"width: 14.4317%;\">Entwicklung<\/td>\n<td style=\"width: 85.5683%;\">\u2022 Leiter (m\/w\/d) Technik Gro\u00dfanlagenbau <br \/>\u2022 Leiter (m\/w\/d) Entwicklung Elektrotechnik <br \/>\u2022 Entwicklungsingenieur Elektronik (m\/w\/d) Automobilzulieferer <br \/>\u2022 Software-Engineer (m\/w\/d) Maschinenbau<\/td>\n<\/tr>\n<tr>\n<td style=\"width: 14.4317%;\">Projektmanagement<\/td>\n<td style=\"width: 85.5683%;\">\u2022 Head of Project Management (m\/w\/d) Maschinenbau<br \/>\u2022 Projekt Manager (m\/w\/d) Automobilzulieferer<br \/>\u2022 Projektmanagement Instandhaltung Chemische Industrie<br \/>\u2022 Projekt-\/ Ordermanagement (m\/w\/d) Anlagenbau<\/td>\n<\/tr>\n<tr style=\"background-color: #efefef;\">\n<td style=\"width: 14.4317%;\">Finance, Kfm. Verwaltung<\/td>\n<td style=\"width: 85.5683%;\">\u2022 Leiter Finance (m\/w\/d) Maschinenbau <br \/>\u2022 Beteiligungscontroller (m\/w\/d) Maschinenbau <br \/>\u2022 Projektcontroller (m\/w\/d) Automobilzulieferer <br \/>\u2022 Werkscontoller (m\/w\/d) Chemische Industrie<\/td>\n<\/tr>\n<tr>\n<td style=\"width: 14.4317%;\"><strong>Sonstiges <\/strong>(Technical Operations, IT, etc.)<\/td>\n<td style=\"width: 85.5683%;\">\u2022 Leiter Logistik \/SCM (m\/w\/d) Automobilzulieferer<br \/>\u2022 IT-Infrastruktur-Manager (m\/w\/d) Chemische Industrie<br \/>\u2022 SAP Key User (m\/w\/d) Chemische Industrie<\/td>\n<\/tr>\n<\/tbody>\n<\/table>\n<p>&nbsp;<\/p>\n<p>[\/et_pb_text][\/et_pb_column][\/et_pb_row][et_pb_row _builder_version=&#8220;4.9.7&#8243; _module_preset=&#8220;default&#8220;][et_pb_column type=&#8220;4_4&#8243; _builder_version=&#8220;4.9.7&#8243; _module_preset=&#8220;default&#8220;][et_pb_text _builder_version=&#8220;4.9.9&#8243; _module_preset=&#8220;default&#8220; text_text_color=&#8220;#FFFFFF&#8220; text_font_size=&#8220;22px&#8220; background_color=&#8220;#0C71C3&#8243; custom_padding=&#8220;24px|24px|24px|24px|true|true&#8220;]<\/p>\n<p>Referenz Projekte J\u00fcrgen Seelig Konsumg\u00fcter \/ FMCG, Pharma, Medizintechnik<\/p>\n<p>[\/et_pb_text][\/et_pb_column][\/et_pb_row][et_pb_row _builder_version=&#8220;4.9.7&#8243; _module_preset=&#8220;default&#8220;][et_pb_column type=&#8220;4_4&#8243; _builder_version=&#8220;4.9.7&#8243; _module_preset=&#8220;default&#8220;][et_pb_text _builder_version=&#8220;4.9.7&#8243; _module_preset=&#8220;default&#8220;]<\/p>\n<p>&nbsp;<\/p>\n<table style=\"border-collapse: collapse; width: 100%;\" border=\"1\">\n<tbody>\n<tr style=\"background-color: #efefef;\">\n<td style=\"width: 14.4317%;\"><strong>Gesch\u00e4ftsf\u00fchrung \/ Executive Management<\/strong><\/td>\n<td style=\"width: 85.5683%;\">\u2022 Vorsitzender (m\/w\/d) der Gesch\u00e4ftsf\u00fchrung Food<br \/>\u2022 Gesch\u00e4ftsf\u00fchrer (m\/w\/d) f\u00fcr internationales OTC-Unternehmen<br \/>\u2022 Gesch\u00e4ftsf\u00fchrer (m\/w\/d) Marketing\/Vertrieb Non-Food<br \/>\u2022 Gesch\u00e4ftsf\u00fchrer (m\/w\/d) Medizintechnik<br \/>\u2022 BU-Leitung (m\/w\/d) f\u00fcr internationales Pharmaunternehmen<\/td>\n<\/tr>\n<tr>\n<td style=\"width: 14.4317%;\">Sales \/ Marketing \/ Key Account Management<\/td>\n<td style=\"width: 85.5683%;\">\u2022 Sales- &amp; Marketing-Manager (m\/w\/d) Food<br \/>\u2022 Marketingmanager (m\/w\/d) Non-Food<br \/>\u2022 Marketingleitung (m\/w\/d) Food<br \/>\u2022 Marketing-Manager E-Commerce (m\/w\/d) Non-Food<br \/>\u2022 Online Marketing Manager (m\/w\/d)<br \/>\u2022 Manager Performance-Marketing (m\/w\/d) Non-Food<br \/>\u2022 Vertriebsleiter (m\/w\/d) Food<br \/>\u2022 Sales Manager EMEA (m\/w\/d) Non-Food<br \/>\u2022 Sales Manager DACH (m\/w\/d) Pharma<br \/>\u2022 Group Product-Manager (m\/w\/d) OTC<br \/>\u2022 Brand Manager (m\/w\/d) Pharma<br \/>\u2022 Produkt Manager (m\/w\/d) Medizintechnik<br \/>\u2022 Key Account Manager (m\/w\/d) Non-Food<br \/>\u2022 Leiter Key Account Management (m\/w\/d) Food<br \/>\u2022 Nationaler Group Key Account Manager (m\/w\/d) Food<br \/>\u2022 Key Account Manager (m\/w\/d) GH<br \/>\u2022 Key Account Manager (m\/w\/d) Online-Channels<br \/>\u2022 Customer Marketing Manager (m\/w\/d) e-Commerce<\/td>\n<\/tr>\n<tr style=\"background-color: #efefef;\">\n<td style=\"width: 14.4317%;\">R&amp;D<\/td>\n<td style=\"width: 85.5683%;\">\u2022 Leiter Produktentwicklung (m\/w\/d) Medizintechnik<br \/>\u2022 Manager R&amp;D (m\/w\/d) Food<br \/>\u2022 Manager Product Development (m\/w\/d) OTC<br \/>\u2022 Product Development Manager (m\/w\/d) Oral Care<br \/>\u2022 New Product Development Manager (m\/w\/d) Non-Food<\/td>\n<\/tr>\n<tr>\n<td style=\"width: 14.4317%;\">Finance, Kfm. Verwaltung<\/td>\n<td style=\"width: 85.5683%;\">\u2022 CFO (m\/w\/d) f\u00fcr mittelst\u00e4ndisches Food-Unternehmen<br \/>\u2022 Kaufm\u00e4nnischer Leiter (m\/w\/d) Medizintechnik<br \/>\u2022 Strategischer Eink\u00e4ufer (m\/w\/d) Food<br \/>\u2022 Financial Controller (m\/w\/d) Non-Food<br \/>\u2022 Finanzbuchalter (m\/w\/d) OTC<\/td>\n<\/tr>\n<tr style=\"background-color: #efefef;\">\n<td style=\"width: 14.4317%;\"><strong>Sonstiges <\/strong>(Technical Operations, IT, etc.)<\/td>\n<td style=\"width: 85.5683%;\">\u2022 Leiter Technik\/Produktion Non-Food (m\/w\/d) <br \/>\u2022 Softwareentwickler Food (m\/w\/d) <br \/>\u2022 SAP Inhouse Consultant Vertrieb (m\/w\/d)<\/td>\n<\/tr>\n<\/tbody>\n<\/table>\n<p>&nbsp;<\/p>\n<p>[\/et_pb_text][\/et_pb_column][\/et_pb_row][et_pb_row column_structure=&#8220;1_2,1_2&#8243; _builder_version=&#8220;4.9.7&#8243; _module_preset=&#8220;default&#8220; custom_margin=&#8220;60px||60px||true|false&#8220;][et_pb_column type=&#8220;1_2&#8243; _builder_version=&#8220;4.9.7&#8243; _module_preset=&#8220;default&#8220;][et_pb_button button_url=&#8220;@ET-DC@eyJkeW5hbWljIjp0cnVlLCJjb250ZW50IjoicG9zdF9saW5rX3VybF9wYWdlIiwic2V0dGluZ3MiOnsicG9zdF9pZCI6IjU0MSJ9fQ==@&#8220; button_text=&#8220;Beratungsgespr\u00e4ch vereinbaren&#8220; button_alignment=&#8220;center&#8220; _builder_version=&#8220;4.9.7&#8243; _dynamic_attributes=&#8220;button_url&#8220; _module_preset=&#8220;default&#8220; custom_button=&#8220;on&#8220; button_text_color=&#8220;#FFFFFF&#8220; button_bg_color=&#8220;#000000&#8243; button_border_radius=&#8220;0px&#8220; button_font=&#8220;Open Sans Condensed||||||||&#8220; button_use_icon=&#8220;off&#8220; custom_css_main_element=&#8220;hover=%22background-color:#000%22;||&#8220; button_bg_color__hover_enabled=&#8220;on|hover&#8220; button_bg_color__hover=&#8220;#FFFFFF&#8220; button_bg_enable_color__hover=&#8220;on&#8220; button_text_color__hover_enabled=&#8220;on|desktop&#8220; button_text_color__hover=&#8220;#000000&#8243; button_border_color__hover_enabled=&#8220;on|hover&#8220; button_border_color__hover=&#8220;#000000&#8243;][\/et_pb_button][\/et_pb_column][et_pb_column type=&#8220;1_2&#8243; _builder_version=&#8220;4.9.7&#8243; _module_preset=&#8220;default&#8220;][et_pb_button button_url=&#8220;@ET-DC@eyJkeW5hbWljIjp0cnVlLCJjb250ZW50IjoicG9zdF9saW5rX3VybF9wYWdlIiwic2V0dGluZ3MiOnsicG9zdF9pZCI6IjUwNyJ9fQ==@&#8220; button_text=&#8220;Vakanz hochladen und Angebot anfordern&#8220; button_alignment=&#8220;center&#8220; _builder_version=&#8220;4.9.7&#8243; _dynamic_attributes=&#8220;button_url&#8220; _module_preset=&#8220;default&#8220; custom_button=&#8220;on&#8220; button_text_color=&#8220;#000000&#8243; button_bg_color=&#8220;#FFFFFF&#8220; button_border_radius=&#8220;0px&#8220; button_font=&#8220;Open Sans Condensed||||||||&#8220; button_use_icon=&#8220;off&#8220; button_bg_color__hover_enabled=&#8220;on|hover&#8220; button_bg_color__hover=&#8220;#000000&#8243; button_bg_enable_color__hover=&#8220;on&#8220; button_text_color__hover_enabled=&#8220;on|hover&#8220; button_text_color__hover=&#8220;#FFFFFF&#8220;][\/et_pb_button][\/et_pb_column][\/et_pb_row][\/et_pb_section][et_pb_section fb_built=&#8220;1&#8243; _builder_version=&#8220;4.9.7&#8243; _module_preset=&#8220;default&#8220; background_color=&#8220;rgba(0,0,0,0.1)&#8220; global_module=&#8220;622&#8243;][et_pb_row column_structure=&#8220;1_4,1_4,1_4,1_4&#8243; _builder_version=&#8220;4.9.7&#8243; _module_preset=&#8220;default&#8220;][et_pb_column type=&#8220;1_4&#8243; _builder_version=&#8220;4.9.7&#8243; _module_preset=&#8220;default&#8220;][et_pb_text _builder_version=&#8220;4.9.10&#8243; _module_preset=&#8220;default&#8220; text_line_height=&#8220;1.2em&#8220; header_4_line_height=&#8220;1.8em&#8220;]<\/p>\n<h4><a href=\"\/index.php\"><span style=\"text-decoration: underline;\">F\u00fcr Auftraggeber<\/span><\/a><\/h4>\n<p><a href=\"\/index.php\">Warum A&amp;A<\/a><\/p>\n<p><a href=\"\/?page_id=141\">Branchenexpertise &amp; Berater<\/a><\/p>\n<p><a href=\"\/?page_id=141#besetzungsschwerpunkte\">Besetzungsschwerpunkte<\/a><\/p>\n<p><a href=\"\/?page_id=135\">Referenzprojekte<\/a><\/p>\n<p><a href=\"\/?page_id=139\">Kosten \/ Erfolgshonorar<\/a><\/p>\n<p>[\/et_pb_text][\/et_pb_column][et_pb_column type=&#8220;1_4&#8243; _builder_version=&#8220;4.9.7&#8243; _module_preset=&#8220;default&#8220;][et_pb_text _builder_version=&#8220;4.9.9&#8243; _module_preset=&#8220;default&#8220; text_line_height=&#8220;1.2em&#8220; header_4_line_height=&#8220;1.8em&#8220;]<\/p>\n<h4><a href=\"\/?page_id=133\"><span style=\"text-decoration: underline;\">F\u00fcr Kandidaten<\/span><\/a><\/h4>\n<p><a href=\"\/?page_id=133#derberater\">Der Berater f\u00fcr Ihre Branche<\/a><\/p>\n<p><a href=\"\/?page_id=133#warum\">Warum A&amp;A als Karrierebegleiter<\/a><\/p>\n<p>[\/et_pb_text][\/et_pb_column][et_pb_column type=&#8220;1_4&#8243; _builder_version=&#8220;4.9.7&#8243; _module_preset=&#8220;default&#8220;][et_pb_text _builder_version=&#8220;4.9.7&#8243; _module_preset=&#8220;default&#8220; text_line_height=&#8220;1.2em&#8220; header_4_line_height=&#8220;1.8em&#8220;]<\/p>\n<h4><a href=\"\/?page_id=124\"><span style=\"text-decoration: underline;\">\u00dcber uns<\/span><\/a><\/h4>\n<p><a href=\"\/?page_id=124\">Historie<\/a><\/p>\n<p><a href=\"\/?page_id=124#leitbild\">Leitbild<\/a><\/p>\n<p><a href=\"\/?page_id=124#beratung\">Beratungsleistungen<\/a><\/p>\n<p><a href=\"\/?page_id=124#team\">Team &amp; Standorte<\/a><\/p>\n<p>[\/et_pb_text][\/et_pb_column][et_pb_column type=&#8220;1_4&#8243; _builder_version=&#8220;4.9.7&#8243; _module_preset=&#8220;default&#8220;][et_pb_text _builder_version=&#8220;4.9.7&#8243; _module_preset=&#8220;default&#8220; text_line_height=&#8220;1.2em&#8220; header_4_line_height=&#8220;1.8em&#8220;]<\/p>\n<h4><a href=\"\/?page_id=131\"><span style=\"text-decoration: underline;\">Stellenangebote<\/span><\/a><\/h4>\n<p><span><\/span><\/p>\n<p><a href=\"\/?page_id=131\">mehr&#8230;<\/a><span><\/span><\/p>\n<p>[\/et_pb_text][\/et_pb_column][\/et_pb_row][\/et_pb_section]<\/p>\n","protected":false},"excerpt":{"rendered":"<p>Referenzprojekte Beispiele aus &gt;1.900 Projekten &nbsp;Referenz Projekte Dr. Joachim Allmann Industrie, Automotive &amp; Zulieferer, Chemie&nbsp; Gesch\u00e4ftsf\u00fchrung \/ Executive Management \u2022 Gesch\u00e4ftsf\u00fchrer (m\/w\/d) Mittelstand Automobilzulieferer\u2022 Technischer Gesch\u00e4ftsf\u00fchrer (m\/w\/d) Elektrotechnik\u2022 Gesch\u00e4ftsf\u00fchrer( m\/w\/d) deutsche Niederlassung Chemische Industrie\u2022 Werkleiter \/ GF in spe (m\/w\/d) Hersteller Spezialbremsen\u2022 Kaufm\u00e4nnischer Gesch\u00e4ftsf\u00fchrer (m\/w\/d) Hersteller Hydraulikanalgen Sales \/ Marketing \/ Key Account Management \u2022 [&hellip;]<\/p>\n","protected":false},"author":1,"featured_media":0,"parent":0,"menu_order":0,"comment_status":"closed","ping_status":"closed","template":"","meta":{"_et_pb_use_builder":"on","_et_pb_old_content":"","_et_gb_content_width":"","footnotes":""},"class_list":["post-135","page","type-page","status-publish","hentry"],"_links":{"self":[{"href":"https:\/\/www.allmannpb.de\/index.php?rest_route=\/wp\/v2\/pages\/135","targetHints":{"allow":["GET"]}}],"collection":[{"href":"https:\/\/www.allmannpb.de\/index.php?rest_route=\/wp\/v2\/pages"}],"about":[{"href":"https:\/\/www.allmannpb.de\/index.php?rest_route=\/wp\/v2\/types\/page"}],"author":[{"embeddable":true,"href":"https:\/\/www.allmannpb.de\/index.php?rest_route=\/wp\/v2\/users\/1"}],"replies":[{"embeddable":true,"href":"https:\/\/www.allmannpb.de\/index.php?rest_route=%2Fwp%2Fv2%2Fcomments&post=135"}],"version-history":[{"count":12,"href":"https:\/\/www.allmannpb.de\/index.php?rest_route=\/wp\/v2\/pages\/135\/revisions"}],"predecessor-version":[{"id":721,"href":"https:\/\/www.allmannpb.de\/index.php?rest_route=\/wp\/v2\/pages\/135\/revisions\/721"}],"wp:attachment":[{"href":"https:\/\/www.allmannpb.de\/index.php?rest_route=%2Fwp%2Fv2%2Fmedia&parent=135"}],"curies":[{"name":"wp","href":"https:\/\/api.w.org\/{rel}","templated":true}]}}